{"id":1035,"date":"2021-09-06T18:34:26","date_gmt":"2021-09-06T18:34:26","guid":{"rendered":"https:\/\/dev.agenciaupp.com.br\/sites\/hcinovo.com.br\/?page_id=1035"},"modified":"2022-02-10T19:19:10","modified_gmt":"2022-02-10T19:19:10","slug":"parafusos-prisioneiros-e-porcas","status":"publish","type":"page","link":"https:\/\/dev.agenciaupp.com.br\/sites\/hcinovo.com.br\/parafusos-prisioneiros-e-porcas\/","title":{"rendered":"Parafusos, Prisioneiros e Porcas"},"content":{"rendered":"\t\t<div data-elementor-type=\"wp-page\" data-elementor-id=\"1035\" class=\"elementor elementor-1035\">\n\t\t\t\t\t\t\t\t\t<section class=\"elementor-section elementor-top-section elementor-element elementor-element-0ff9af7 elementor-section-boxed elementor-section-height-default elementor-section-height-default\" data-id=\"0ff9af7\" data-element_type=\"section\">\n\t\t\t\t\t\t<div class=\"elementor-container elementor-column-gap-default\">\n\t\t\t\t\t<div class=\"elementor-column elementor-col-100 elementor-top-column elementor-element elementor-element-a8a13a7\" data-id=\"a8a13a7\" data-element_type=\"column\">\n\t\t\t<div class=\"elementor-widget-wrap elementor-element-populated\">\n\t\t\t\t\t\t\t\t<div class=\"elementor-element elementor-element-fbb7e72 vazadofundobranco elementor-widget elementor-widget-heading\" data-id=\"fbb7e72\" data-element_type=\"widget\" data-widget_type=\"heading.default\">\n\t\t\t\t<div class=\"elementor-widget-container\">\n\t\t\t<h2 class=\"elementor-heading-title elementor-size-default\">Parafusos, Prisioneiros e Porcas<\/h2>\t\t<\/div>\n\t\t\t\t<\/div>\n\t\t\t\t\t<\/div>\n\t\t<\/div>\n\t\t\t\t\t\t\t<\/div>\n\t\t<\/section>\n\t\t\t\t<section class=\"elementor-section elementor-top-section elementor-element elementor-element-9fb6859 elementor-section-boxed elementor-section-height-default elementor-section-height-default\" data-id=\"9fb6859\" data-element_type=\"section\">\n\t\t\t\t\t\t<div class=\"elementor-container elementor-column-gap-default\">\n\t\t\t\t\t<div class=\"elementor-column elementor-col-50 elementor-top-column elementor-element elementor-element-f98ee78\" data-id=\"f98ee78\" data-element_type=\"column\">\n\t\t\t<div class=\"elementor-widget-wrap elementor-element-populated\">\n\t\t\t\t\t\t\t\t<div class=\"elementor-element elementor-element-7851fed elementor-widget elementor-widget-text-editor\" data-id=\"7851fed\" data-element_type=\"widget\" data-widget_type=\"text-editor.default\">\n\t\t\t\t<div class=\"elementor-widget-container\">\n\t\t\t\t\t\t\t<p><strong>PARAFUSOS E PRISIONEIROS:\u00a0\u00a0<\/strong><br \/>Roscas: ASME B1.1 UNC classe <br \/>2A\/ASME B1.1 UN 2B\u00a0<br \/>Parafuso e Estojo: ASME B18.2.1;<br \/>\u00a0Porcas: ASME B18.2.2<\/p>\t\t\t\t\t\t<\/div>\n\t\t\t\t<\/div>\n\t\t\t\t<div class=\"elementor-element elementor-element-cd80516 elementor-widget elementor-widget-text-editor\" data-id=\"cd80516\" data-element_type=\"widget\" data-widget_type=\"text-editor.default\">\n\t\t\t\t<div class=\"elementor-widget-container\">\n\t\t\t\t\t\t\t<p><strong>Di\u00e2metro:<\/strong> 1\/2&#8243; AT\u00c9 5 &#8220;Comprimento: At\u00e9 1.800 mm; ASTM A193 Gr. B7, B7M, B8, B8M, B16, B6, B5, B8T, B8MAASTM 320-L7, L7M, L43, B8, B8M, B8T, B8MAASTM A-307 Gr.B<\/p>\t\t\t\t\t\t<\/div>\n\t\t\t\t<\/div>\n\t\t\t\t<div class=\"elementor-element elementor-element-8eeef56 elementor-widget elementor-widget-text-editor\" data-id=\"8eeef56\" data-element_type=\"widget\" data-widget_type=\"text-editor.default\">\n\t\t\t\t<div class=\"elementor-widget-container\">\n\t\t\t\t\t\t\t<p><strong>PORCAS:&nbsp;<\/strong><br>ASTM A194 Gr. 2H, 2HM, 3, 4, 6, 7, 7M, 8, 8A, 8M, 8C, 8CA, T8 Hastelloys, Incoloys, Inconels, Monel 400, Monel K500 &amp; UNS SC31803 Zincagem \u00e0 frio, <br>Zincagem a quente, chapeamento em alum\u00ednio.<\/p>\t\t\t\t\t\t<\/div>\n\t\t\t\t<\/div>\n\t\t\t\t<div class=\"elementor-element elementor-element-b679ee9 elementor-widget elementor-widget-text-editor\" data-id=\"b679ee9\" data-element_type=\"widget\" data-widget_type=\"text-editor.default\">\n\t\t\t\t<div class=\"elementor-widget-container\">\n\t\t\t\t\t\t\tRevestimentos DACROMET\u00ae\u00a0 Revestimentos PTFE\u00ae, Revestimentos Xylan \u00ae, Revestimento Alum\u00ednio por imers\u00e3o a quente, Zinco-N\u00edquel (ZN-Ni) ASTM B841, Zinco ASTM B633.\t\t\t\t\t\t<\/div>\n\t\t\t\t<\/div>\n\t\t\t\t\t<\/div>\n\t\t<\/div>\n\t\t\t\t<div class=\"elementor-column elementor-col-50 elementor-top-column elementor-element elementor-element-027e0ca\" data-id=\"027e0ca\" data-element_type=\"column\">\n\t\t\t<div class=\"elementor-widget-wrap elementor-element-populated\">\n\t\t\t\t\t\t\t\t<div class=\"elementor-element elementor-element-4519507 elementor-widget elementor-widget-image\" data-id=\"4519507\" data-element_type=\"widget\" data-widget_type=\"image.default\">\n\t\t\t\t<div class=\"elementor-widget-container\">\n\t\t\t\t\t\t\t\t\t\t\t\t\t\t\t<img decoding=\"async\" src=\"https:\/\/dev.agenciaupp.com.br\/sites\/hcinovo.com.br\/wp-content\/uploads\/elementor\/thumbs\/parafusos-ph82j7mm8c4sh3pabmavhe1k3f0v7m7613d9v65wz4.jpg\" title=\"parafusos\" alt=\"parafusos\" loading=\"lazy\" \/>\t\t\t\t\t\t\t\t\t\t\t\t\t\t\t<\/div>\n\t\t\t\t<\/div>\n\t\t\t\t\t<\/div>\n\t\t<\/div>\n\t\t\t\t\t\t\t<\/div>\n\t\t<\/section>\n\t\t\t\t\t\t\t<\/div>\n\t\t","protected":false},"excerpt":{"rendered":"<p>Parafusos, Prisioneiros e Porcas PARAFUSOS E PRISIONEIROS:\u00a0\u00a0Roscas: ASME B1.1 UNC classe 2A\/ASME B1.1 UN 2B\u00a0Parafuso e Estojo: ASME B18.2.1;\u00a0Porcas: ASME B18.2.2 Di\u00e2metro: 1\/2&#8243; AT\u00c9 5 &#8220;Comprimento: At\u00e9 1.800 mm; ASTM A193 Gr. B7, B7M, B8, B8M, B16, B6, B5, B8T, B8MAASTM 320-L7, L7M, L43, B8, B8M, B8T, B8MAASTM A-307 Gr.B PORCAS:&nbsp;ASTM A194 Gr. 2H, 2HM, [&hellip;]<\/p>\n","protected":false},"author":1,"featured_media":0,"parent":0,"menu_order":0,"comment_status":"closed","ping_status":"closed","template":"","meta":{"footnotes":""},"class_list":["post-1035","page","type-page","status-publish","hentry"],"_links":{"self":[{"href":"https:\/\/dev.agenciaupp.com.br\/sites\/hcinovo.com.br\/wp-json\/wp\/v2\/pages\/1035","targetHints":{"allow":["GET"]}}],"collection":[{"href":"https:\/\/dev.agenciaupp.com.br\/sites\/hcinovo.com.br\/wp-json\/wp\/v2\/pages"}],"about":[{"href":"https:\/\/dev.agenciaupp.com.br\/sites\/hcinovo.com.br\/wp-json\/wp\/v2\/types\/page"}],"author":[{"embeddable":true,"href":"https:\/\/dev.agenciaupp.com.br\/sites\/hcinovo.com.br\/wp-json\/wp\/v2\/users\/1"}],"replies":[{"embeddable":true,"href":"https:\/\/dev.agenciaupp.com.br\/sites\/hcinovo.com.br\/wp-json\/wp\/v2\/comments?post=1035"}],"version-history":[{"count":123,"href":"https:\/\/dev.agenciaupp.com.br\/sites\/hcinovo.com.br\/wp-json\/wp\/v2\/pages\/1035\/revisions"}],"predecessor-version":[{"id":5408,"href":"https:\/\/dev.agenciaupp.com.br\/sites\/hcinovo.com.br\/wp-json\/wp\/v2\/pages\/1035\/revisions\/5408"}],"wp:attachment":[{"href":"https:\/\/dev.agenciaupp.com.br\/sites\/hcinovo.com.br\/wp-json\/wp\/v2\/media?parent=1035"}],"curies":[{"name":"wp","href":"https:\/\/api.w.org\/{rel}","templated":true}]}}