{"id":1060,"date":"2021-09-06T19:39:08","date_gmt":"2021-09-06T19:39:08","guid":{"rendered":"https:\/\/dev.agenciaupp.com.br\/sites\/hcinovo.com.br\/?page_id=1060"},"modified":"2022-02-10T19:06:45","modified_gmt":"2022-02-10T19:06:45","slug":"conexoes","status":"publish","type":"page","link":"https:\/\/dev.agenciaupp.com.br\/sites\/hcinovo.com.br\/conexoes\/","title":{"rendered":"Conex\u00f5es"},"content":{"rendered":"\t\t<div data-elementor-type=\"wp-page\" data-elementor-id=\"1060\" class=\"elementor elementor-1060\">\n\t\t\t\t\t\t\t\t\t<section class=\"elementor-section elementor-top-section elementor-element elementor-element-8c9b3c5 elementor-section-boxed elementor-section-height-default elementor-section-height-default\" data-id=\"8c9b3c5\" data-element_type=\"section\">\n\t\t\t\t\t\t<div class=\"elementor-container elementor-column-gap-default\">\n\t\t\t\t\t<div class=\"elementor-column elementor-col-100 elementor-top-column elementor-element elementor-element-16a1ee8\" data-id=\"16a1ee8\" data-element_type=\"column\">\n\t\t\t<div class=\"elementor-widget-wrap elementor-element-populated\">\n\t\t\t\t\t\t\t\t<div class=\"elementor-element elementor-element-c6129da vazadofundobranco elementor-widget elementor-widget-heading\" data-id=\"c6129da\" data-element_type=\"widget\" data-widget_type=\"heading.default\">\n\t\t\t\t<div class=\"elementor-widget-container\">\n\t\t\t<h2 class=\"elementor-heading-title elementor-size-default\">Conex\u00f5es<\/h2>\t\t<\/div>\n\t\t\t\t<\/div>\n\t\t\t\t\t<\/div>\n\t\t<\/div>\n\t\t\t\t\t\t\t<\/div>\n\t\t<\/section>\n\t\t\t\t<section class=\"elementor-section elementor-top-section elementor-element elementor-element-ebf19bb elementor-section-boxed elementor-section-height-default elementor-section-height-default\" data-id=\"ebf19bb\" data-element_type=\"section\">\n\t\t\t\t\t\t<div class=\"elementor-container elementor-column-gap-default\">\n\t\t\t\t\t<div class=\"elementor-column elementor-col-50 elementor-top-column elementor-element elementor-element-237d6d3\" data-id=\"237d6d3\" data-element_type=\"column\">\n\t\t\t<div class=\"elementor-widget-wrap elementor-element-populated\">\n\t\t\t\t\t\t\t\t<div class=\"elementor-element elementor-element-7851fed elementor-widget elementor-widget-text-editor\" data-id=\"7851fed\" data-element_type=\"widget\" data-widget_type=\"text-editor.default\">\n\t\t\t\t<div class=\"elementor-widget-container\">\n\t\t\t\t\t\t\t<p><strong>CONEX\u00d5ES TUBULARES:<\/strong> curvas, t\u00eas, caps, redu\u00e7\u00f5es, cruzetas e niples de 1\/2\u2019 a 90\u2019 em todos os SCH\u00a0<\/p>\t\t\t\t\t\t<\/div>\n\t\t\t\t<\/div>\n\t\t\t\t<div class=\"elementor-element elementor-element-cd80516 elementor-widget elementor-widget-text-editor\" data-id=\"cd80516\" data-element_type=\"widget\" data-widget_type=\"text-editor.default\">\n\t\t\t\t<div class=\"elementor-widget-container\">\n\t\t\t\t\t\t\t<p><strong>CONEX\u00d5ES FORJADAS:<\/strong> cotovelos, t\u00eas, luvas, meias luvas, colares, uni\u00f5es, plugs, tamp\u00f5es e buchas de redu\u00e7\u00e3o de \u00bd\u2019 a 4\u2019. Classes de press\u00e3o de 3.000 a 9.000 Ibs\u00a0<\/p>\t\t\t\t\t\t<\/div>\n\t\t\t\t<\/div>\n\t\t\t\t<div class=\"elementor-element elementor-element-8eeef56 elementor-widget elementor-widget-text-editor\" data-id=\"8eeef56\" data-element_type=\"widget\" data-widget_type=\"text-editor.default\">\n\t\t\t\t<div class=\"elementor-widget-container\">\n\t\t\t\t\t\t\t<p><strong>CONEX\u00d5ES PARA LINHA DE PIG:<\/strong> Executado com grades conforme norma N0505 ou conforme desenho\u00a0<\/p>\t\t\t\t\t\t<\/div>\n\t\t\t\t<\/div>\n\t\t\t\t<div class=\"elementor-element elementor-element-b679ee9 elementor-widget elementor-widget-text-editor\" data-id=\"b679ee9\" data-element_type=\"widget\" data-widget_type=\"text-editor.default\">\n\t\t\t\t<div class=\"elementor-widget-container\">\n\t\t\t\t\t\t\t<p><strong>CONEX\u00d5ES COM REVESTIMENTO DE INCONEL (CLADDING\/OVERLEY):<\/strong> capacidade di\u00e2metro de 40mm a 1800mm<\/p>\t\t\t\t\t\t<\/div>\n\t\t\t\t<\/div>\n\t\t\t\t<div class=\"elementor-element elementor-element-7df179f elementor-widget elementor-widget-text-editor\" data-id=\"7df179f\" data-element_type=\"widget\" data-widget_type=\"text-editor.default\">\n\t\t\t\t<div class=\"elementor-widget-container\">\n\t\t\t\t\t\t\t<p><strong>MATERIAIS DO CORPO:<\/strong> A\u00e7o Carbono, A\u00e7o Inoxid\u00e1vel, A\u00e7o Liga, Duplex, Superduplex, Ligas de N\u00edquel A522\/GR8, Inconel, N\u00edquel e Titanium.<\/p>\t\t\t\t\t\t<\/div>\n\t\t\t\t<\/div>\n\t\t\t\t\t<\/div>\n\t\t<\/div>\n\t\t\t\t<div class=\"elementor-column elementor-col-50 elementor-top-column elementor-element elementor-element-54425d2\" data-id=\"54425d2\" data-element_type=\"column\">\n\t\t\t<div class=\"elementor-widget-wrap elementor-element-populated\">\n\t\t\t\t\t\t\t\t<div class=\"elementor-element elementor-element-78710c1 elementor-widget elementor-widget-image\" data-id=\"78710c1\" data-element_type=\"widget\" data-widget_type=\"image.default\">\n\t\t\t\t<div class=\"elementor-widget-container\">\n\t\t\t\t\t\t\t\t\t\t\t\t\t\t\t<img decoding=\"async\" src=\"https:\/\/dev.agenciaupp.com.br\/sites\/hcinovo.com.br\/wp-content\/uploads\/elementor\/thumbs\/conexoes-ph82ho65140vg3xubgbvwa1d1om7lh305gvmjug568.jpg\" title=\"conex\u00f5es\" alt=\"conex\u00f5es\" loading=\"lazy\" \/>\t\t\t\t\t\t\t\t\t\t\t\t\t\t\t<\/div>\n\t\t\t\t<\/div>\n\t\t\t\t\t<\/div>\n\t\t<\/div>\n\t\t\t\t\t\t\t<\/div>\n\t\t<\/section>\n\t\t\t\t\t\t\t<\/div>\n\t\t","protected":false},"excerpt":{"rendered":"<p>Conex\u00f5es CONEX\u00d5ES TUBULARES: curvas, t\u00eas, caps, redu\u00e7\u00f5es, cruzetas e niples de 1\/2\u2019 a 90\u2019 em todos os SCH\u00a0 CONEX\u00d5ES FORJADAS: cotovelos, t\u00eas, luvas, meias luvas, colares, uni\u00f5es, plugs, tamp\u00f5es e buchas de redu\u00e7\u00e3o de \u00bd\u2019 a 4\u2019. Classes de press\u00e3o de 3.000 a 9.000 Ibs\u00a0 CONEX\u00d5ES PARA LINHA DE PIG: Executado com grades conforme norma [&hellip;]<\/p>\n","protected":false},"author":1,"featured_media":0,"parent":0,"menu_order":0,"comment_status":"closed","ping_status":"closed","template":"","meta":{"footnotes":""},"class_list":["post-1060","page","type-page","status-publish","hentry"],"_links":{"self":[{"href":"https:\/\/dev.agenciaupp.com.br\/sites\/hcinovo.com.br\/wp-json\/wp\/v2\/pages\/1060","targetHints":{"allow":["GET"]}}],"collection":[{"href":"https:\/\/dev.agenciaupp.com.br\/sites\/hcinovo.com.br\/wp-json\/wp\/v2\/pages"}],"about":[{"href":"https:\/\/dev.agenciaupp.com.br\/sites\/hcinovo.com.br\/wp-json\/wp\/v2\/types\/page"}],"author":[{"embeddable":true,"href":"https:\/\/dev.agenciaupp.com.br\/sites\/hcinovo.com.br\/wp-json\/wp\/v2\/users\/1"}],"replies":[{"embeddable":true,"href":"https:\/\/dev.agenciaupp.com.br\/sites\/hcinovo.com.br\/wp-json\/wp\/v2\/comments?post=1060"}],"version-history":[{"count":46,"href":"https:\/\/dev.agenciaupp.com.br\/sites\/hcinovo.com.br\/wp-json\/wp\/v2\/pages\/1060\/revisions"}],"predecessor-version":[{"id":5402,"href":"https:\/\/dev.agenciaupp.com.br\/sites\/hcinovo.com.br\/wp-json\/wp\/v2\/pages\/1060\/revisions\/5402"}],"wp:attachment":[{"href":"https:\/\/dev.agenciaupp.com.br\/sites\/hcinovo.com.br\/wp-json\/wp\/v2\/media?parent=1060"}],"curies":[{"name":"wp","href":"https:\/\/api.w.org\/{rel}","templated":true}]}}