{"id":3836,"date":"2021-11-11T11:56:23","date_gmt":"2021-11-11T11:56:23","guid":{"rendered":"https:\/\/dev.agenciaupp.com.br\/sites\/hcinovo.com.br\/?page_id=3836"},"modified":"2022-02-10T19:17:20","modified_gmt":"2022-02-10T19:17:20","slug":"juntas","status":"publish","type":"page","link":"https:\/\/dev.agenciaupp.com.br\/sites\/hcinovo.com.br\/juntas\/","title":{"rendered":"Juntas"},"content":{"rendered":"\t\t<div data-elementor-type=\"wp-page\" data-elementor-id=\"3836\" class=\"elementor elementor-3836\">\n\t\t\t\t\t\t\t\t\t<section class=\"elementor-section elementor-top-section elementor-element elementor-element-d5c02b6 elementor-section-boxed elementor-section-height-default elementor-section-height-default\" data-id=\"d5c02b6\" data-element_type=\"section\">\n\t\t\t\t\t\t<div class=\"elementor-container elementor-column-gap-default\">\n\t\t\t\t\t<div class=\"elementor-column elementor-col-100 elementor-top-column elementor-element elementor-element-0972f44\" data-id=\"0972f44\" data-element_type=\"column\">\n\t\t\t<div class=\"elementor-widget-wrap elementor-element-populated\">\n\t\t\t\t\t\t\t\t<div class=\"elementor-element elementor-element-dc6f985 vazadofundobranco elementor-widget elementor-widget-heading\" data-id=\"dc6f985\" data-element_type=\"widget\" data-widget_type=\"heading.default\">\n\t\t\t\t<div class=\"elementor-widget-container\">\n\t\t\t<h2 class=\"elementor-heading-title elementor-size-default\">Juntas<\/h2>\t\t<\/div>\n\t\t\t\t<\/div>\n\t\t\t\t\t<\/div>\n\t\t<\/div>\n\t\t\t\t\t\t\t<\/div>\n\t\t<\/section>\n\t\t\t\t<section class=\"elementor-section elementor-top-section elementor-element elementor-element-712d515 elementor-section-boxed elementor-section-height-default elementor-section-height-default\" data-id=\"712d515\" data-element_type=\"section\">\n\t\t\t\t\t\t<div class=\"elementor-container elementor-column-gap-default\">\n\t\t\t\t\t<div class=\"elementor-column elementor-col-50 elementor-top-column elementor-element elementor-element-ef4bcf0\" data-id=\"ef4bcf0\" data-element_type=\"column\">\n\t\t\t<div class=\"elementor-widget-wrap elementor-element-populated\">\n\t\t\t\t\t\t\t\t<div class=\"elementor-element elementor-element-7851fed elementor-widget elementor-widget-text-editor\" data-id=\"7851fed\" data-element_type=\"widget\" data-widget_type=\"text-editor.default\">\n\t\t\t\t<div class=\"elementor-widget-container\">\n\t\t\t\t\t\t\tOferecemos JUNTAS DE VEDA\u00c7\u00c3O para\ndar suporte \u00e0s instala\u00e7\u00f5es tubulares\ncom o objetivo de vedar, alinhar os\ncomponentes, reter as vibra\u00e7\u00f5es e\ngarantir estabilidade t\u00e9rmica.\t\t\t\t\t\t<\/div>\n\t\t\t\t<\/div>\n\t\t\t\t\t<\/div>\n\t\t<\/div>\n\t\t\t\t<div class=\"elementor-column elementor-col-50 elementor-top-column elementor-element elementor-element-1874fcc\" data-id=\"1874fcc\" data-element_type=\"column\">\n\t\t\t<div class=\"elementor-widget-wrap elementor-element-populated\">\n\t\t\t\t\t\t\t\t<div class=\"elementor-element elementor-element-d2d35d3 elementor-widget elementor-widget-image\" data-id=\"d2d35d3\" data-element_type=\"widget\" data-widget_type=\"image.default\">\n\t\t\t\t<div class=\"elementor-widget-container\">\n\t\t\t\t\t\t\t\t\t\t\t\t\t\t\t<img decoding=\"async\" src=\"https:\/\/dev.agenciaupp.com.br\/sites\/hcinovo.com.br\/wp-content\/uploads\/elementor\/thumbs\/juntas-1-ph82ipromhgccif87wkyo0jst3gw5d89mmz1qwwe9c.jpg\" title=\"juntas\" alt=\"juntas\" loading=\"lazy\" \/>\t\t\t\t\t\t\t\t\t\t\t\t\t\t\t<\/div>\n\t\t\t\t<\/div>\n\t\t\t\t\t<\/div>\n\t\t<\/div>\n\t\t\t\t\t\t\t<\/div>\n\t\t<\/section>\n\t\t\t\t\t\t\t<\/div>\n\t\t","protected":false},"excerpt":{"rendered":"<p>Juntas Oferecemos JUNTAS DE VEDA\u00c7\u00c3O para dar suporte \u00e0s instala\u00e7\u00f5es tubulares com o objetivo de vedar, alinhar os componentes, reter as vibra\u00e7\u00f5es e garantir estabilidade t\u00e9rmica.<\/p>\n","protected":false},"author":1,"featured_media":0,"parent":0,"menu_order":0,"comment_status":"closed","ping_status":"closed","template":"","meta":{"footnotes":""},"class_list":["post-3836","page","type-page","status-publish","hentry"],"_links":{"self":[{"href":"https:\/\/dev.agenciaupp.com.br\/sites\/hcinovo.com.br\/wp-json\/wp\/v2\/pages\/3836","targetHints":{"allow":["GET"]}}],"collection":[{"href":"https:\/\/dev.agenciaupp.com.br\/sites\/hcinovo.com.br\/wp-json\/wp\/v2\/pages"}],"about":[{"href":"https:\/\/dev.agenciaupp.com.br\/sites\/hcinovo.com.br\/wp-json\/wp\/v2\/types\/page"}],"author":[{"embeddable":true,"href":"https:\/\/dev.agenciaupp.com.br\/sites\/hcinovo.com.br\/wp-json\/wp\/v2\/users\/1"}],"replies":[{"embeddable":true,"href":"https:\/\/dev.agenciaupp.com.br\/sites\/hcinovo.com.br\/wp-json\/wp\/v2\/comments?post=3836"}],"version-history":[{"count":22,"href":"https:\/\/dev.agenciaupp.com.br\/sites\/hcinovo.com.br\/wp-json\/wp\/v2\/pages\/3836\/revisions"}],"predecessor-version":[{"id":5405,"href":"https:\/\/dev.agenciaupp.com.br\/sites\/hcinovo.com.br\/wp-json\/wp\/v2\/pages\/3836\/revisions\/5405"}],"wp:attachment":[{"href":"https:\/\/dev.agenciaupp.com.br\/sites\/hcinovo.com.br\/wp-json\/wp\/v2\/media?parent=3836"}],"curies":[{"name":"wp","href":"https:\/\/api.w.org\/{rel}","templated":true}]}}