{"id":3845,"date":"2021-11-11T11:57:35","date_gmt":"2021-11-11T11:57:35","guid":{"rendered":"https:\/\/dev.agenciaupp.com.br\/sites\/hcinovo.com.br\/?page_id=3845"},"modified":"2022-02-10T18:39:55","modified_gmt":"2022-02-10T18:39:55","slug":"spool","status":"publish","type":"page","link":"https:\/\/dev.agenciaupp.com.br\/sites\/hcinovo.com.br\/spool\/","title":{"rendered":"Spool"},"content":{"rendered":"\t\t<div data-elementor-type=\"wp-page\" data-elementor-id=\"3845\" class=\"elementor elementor-3845\">\n\t\t\t\t\t\t\t\t\t<section class=\"elementor-section elementor-top-section elementor-element elementor-element-d5c02b6 elementor-section-boxed elementor-section-height-default elementor-section-height-default\" data-id=\"d5c02b6\" data-element_type=\"section\">\n\t\t\t\t\t\t<div class=\"elementor-container elementor-column-gap-default\">\n\t\t\t\t\t<div class=\"elementor-column elementor-col-100 elementor-top-column elementor-element elementor-element-0972f44\" data-id=\"0972f44\" data-element_type=\"column\">\n\t\t\t<div class=\"elementor-widget-wrap elementor-element-populated\">\n\t\t\t\t\t\t\t\t<div class=\"elementor-element elementor-element-dc6f985 vazadofundobranco elementor-widget elementor-widget-heading\" data-id=\"dc6f985\" data-element_type=\"widget\" data-widget_type=\"heading.default\">\n\t\t\t\t<div class=\"elementor-widget-container\">\n\t\t\t<h2 class=\"elementor-heading-title elementor-size-default\">Spool<\/h2>\t\t<\/div>\n\t\t\t\t<\/div>\n\t\t\t\t\t<\/div>\n\t\t<\/div>\n\t\t\t\t\t\t\t<\/div>\n\t\t<\/section>\n\t\t\t\t<section class=\"elementor-section elementor-top-section elementor-element elementor-element-712d515 elementor-section-boxed elementor-section-height-default elementor-section-height-default\" data-id=\"712d515\" data-element_type=\"section\">\n\t\t\t\t\t\t<div class=\"elementor-container elementor-column-gap-default\">\n\t\t\t\t\t<div class=\"elementor-column elementor-col-50 elementor-top-column elementor-element elementor-element-ef4bcf0\" data-id=\"ef4bcf0\" data-element_type=\"column\">\n\t\t\t<div class=\"elementor-widget-wrap elementor-element-populated\">\n\t\t\t\t\t\t\t\t<div class=\"elementor-element elementor-element-7851fed elementor-widget elementor-widget-text-editor\" data-id=\"7851fed\" data-element_type=\"widget\" data-widget_type=\"text-editor.default\">\n\t\t\t\t<div class=\"elementor-widget-container\">\n\t\t\t\t\t\t\tSPOOL \u00e9 um subconjunto de uma linha formado por uma conex\u00e3o e um trecho de tubo, montado em f\u00e1brica ou em pipe shop.\nA principal fun\u00e7\u00e3o do SPOOL \u00e9 facilitar a montagem do sistema de tubula\u00e7\u00e3o de um projeto cuja geometria varia de acordo com a necessidade.\nA HC Industrial fabrica SPOOLS em a\u00e7o carbono e a\u00e7o inoxid\u00e1vel, com di\u00e2metros a partir de 1\/4\u2033 com espessuras a partir de 224mm, atendendo a diversas normas de projeto.\t\t\t\t\t\t<\/div>\n\t\t\t\t<\/div>\n\t\t\t\t\t<\/div>\n\t\t<\/div>\n\t\t\t\t<div class=\"elementor-column elementor-col-50 elementor-top-column elementor-element elementor-element-1874fcc\" data-id=\"1874fcc\" data-element_type=\"column\">\n\t\t\t<div class=\"elementor-widget-wrap elementor-element-populated\">\n\t\t\t\t\t\t\t\t<div class=\"elementor-element elementor-element-d2d35d3 elementor-widget elementor-widget-image\" data-id=\"d2d35d3\" data-element_type=\"widget\" data-widget_type=\"image.default\">\n\t\t\t\t<div class=\"elementor-widget-container\">\n\t\t\t\t\t\t\t\t\t\t\t\t\t\t\t<img decoding=\"async\" src=\"https:\/\/dev.agenciaupp.com.br\/sites\/hcinovo.com.br\/wp-content\/uploads\/elementor\/thumbs\/spool-ph82k2nahvb948g8ahpk9o7rp4rz9mmb5cwapavx9s.jpg\" title=\"spool\" alt=\"spool\" loading=\"lazy\" \/>\t\t\t\t\t\t\t\t\t\t\t\t\t\t\t<\/div>\n\t\t\t\t<\/div>\n\t\t\t\t\t<\/div>\n\t\t<\/div>\n\t\t\t\t\t\t\t<\/div>\n\t\t<\/section>\n\t\t\t\t\t\t\t<\/div>\n\t\t","protected":false},"excerpt":{"rendered":"<p>Spool SPOOL \u00e9 um subconjunto de uma linha formado por uma conex\u00e3o e um trecho de tubo, montado em f\u00e1brica ou em pipe shop. A principal fun\u00e7\u00e3o do SPOOL \u00e9 facilitar a montagem do sistema de tubula\u00e7\u00e3o de um projeto cuja geometria varia de acordo com a necessidade. A HC Industrial fabrica SPOOLS em a\u00e7o [&hellip;]<\/p>\n","protected":false},"author":1,"featured_media":0,"parent":0,"menu_order":0,"comment_status":"closed","ping_status":"closed","template":"","meta":{"footnotes":""},"class_list":["post-3845","page","type-page","status-publish","hentry"],"_links":{"self":[{"href":"https:\/\/dev.agenciaupp.com.br\/sites\/hcinovo.com.br\/wp-json\/wp\/v2\/pages\/3845","targetHints":{"allow":["GET"]}}],"collection":[{"href":"https:\/\/dev.agenciaupp.com.br\/sites\/hcinovo.com.br\/wp-json\/wp\/v2\/pages"}],"about":[{"href":"https:\/\/dev.agenciaupp.com.br\/sites\/hcinovo.com.br\/wp-json\/wp\/v2\/types\/page"}],"author":[{"embeddable":true,"href":"https:\/\/dev.agenciaupp.com.br\/sites\/hcinovo.com.br\/wp-json\/wp\/v2\/users\/1"}],"replies":[{"embeddable":true,"href":"https:\/\/dev.agenciaupp.com.br\/sites\/hcinovo.com.br\/wp-json\/wp\/v2\/comments?post=3845"}],"version-history":[{"count":16,"href":"https:\/\/dev.agenciaupp.com.br\/sites\/hcinovo.com.br\/wp-json\/wp\/v2\/pages\/3845\/revisions"}],"predecessor-version":[{"id":5369,"href":"https:\/\/dev.agenciaupp.com.br\/sites\/hcinovo.com.br\/wp-json\/wp\/v2\/pages\/3845\/revisions\/5369"}],"wp:attachment":[{"href":"https:\/\/dev.agenciaupp.com.br\/sites\/hcinovo.com.br\/wp-json\/wp\/v2\/media?parent=3845"}],"curies":[{"name":"wp","href":"https:\/\/api.w.org\/{rel}","templated":true}]}}