{"id":3853,"date":"2021-11-11T11:58:32","date_gmt":"2021-11-11T11:58:32","guid":{"rendered":"https:\/\/dev.agenciaupp.com.br\/sites\/hcinovo.com.br\/?page_id=3853"},"modified":"2022-02-10T19:32:46","modified_gmt":"2022-02-10T19:32:46","slug":"caldeiraria","status":"publish","type":"page","link":"https:\/\/dev.agenciaupp.com.br\/sites\/hcinovo.com.br\/caldeiraria\/","title":{"rendered":"Caldeiraria"},"content":{"rendered":"\t\t<div data-elementor-type=\"wp-page\" data-elementor-id=\"3853\" class=\"elementor elementor-3853\">\n\t\t\t\t\t\t\t\t\t<section class=\"elementor-section elementor-top-section elementor-element elementor-element-d5c02b6 elementor-section-boxed elementor-section-height-default elementor-section-height-default\" data-id=\"d5c02b6\" data-element_type=\"section\">\n\t\t\t\t\t\t<div class=\"elementor-container elementor-column-gap-default\">\n\t\t\t\t\t<div class=\"elementor-column elementor-col-100 elementor-top-column elementor-element elementor-element-0972f44\" data-id=\"0972f44\" data-element_type=\"column\">\n\t\t\t<div class=\"elementor-widget-wrap elementor-element-populated\">\n\t\t\t\t\t\t\t\t<div class=\"elementor-element elementor-element-dc6f985 vazadofundobranco elementor-widget elementor-widget-heading\" data-id=\"dc6f985\" data-element_type=\"widget\" data-widget_type=\"heading.default\">\n\t\t\t\t<div class=\"elementor-widget-container\">\n\t\t\t<h2 class=\"elementor-heading-title elementor-size-default\">Caldeiraria<\/h2>\t\t<\/div>\n\t\t\t\t<\/div>\n\t\t\t\t\t<\/div>\n\t\t<\/div>\n\t\t\t\t\t\t\t<\/div>\n\t\t<\/section>\n\t\t\t\t<section class=\"elementor-section elementor-top-section elementor-element elementor-element-712d515 elementor-section-boxed elementor-section-height-default elementor-section-height-default\" data-id=\"712d515\" data-element_type=\"section\">\n\t\t\t\t\t\t<div class=\"elementor-container elementor-column-gap-default\">\n\t\t\t\t\t<div class=\"elementor-column elementor-col-50 elementor-top-column elementor-element elementor-element-ef4bcf0\" data-id=\"ef4bcf0\" data-element_type=\"column\">\n\t\t\t<div class=\"elementor-widget-wrap elementor-element-populated\">\n\t\t\t\t\t\t\t\t<div class=\"elementor-element elementor-element-b679ee9 elementor-widget elementor-widget-text-editor\" data-id=\"b679ee9\" data-element_type=\"widget\" data-widget_type=\"text-editor.default\">\n\t\t\t\t<div class=\"elementor-widget-container\">\n\t\t\t\t\t\t\t<p>Equipados para atender variedade e demanda de produtos com capacidade de at\u00e9 10 toneladas, com expertise na soldagem de diversos tipos de materiais (a\u00e7o carbono, a\u00e7o inox, a\u00e7o liga, baixa liga e itens especiais) e conforme as normas ASME, AWWA, AWS, DIN e API.<\/p>\t\t\t\t\t\t<\/div>\n\t\t\t\t<\/div>\n\t\t\t\t\t<\/div>\n\t\t<\/div>\n\t\t\t\t<div class=\"elementor-column elementor-col-50 elementor-top-column elementor-element elementor-element-1874fcc\" data-id=\"1874fcc\" data-element_type=\"column\">\n\t\t\t<div class=\"elementor-widget-wrap elementor-element-populated\">\n\t\t\t\t\t\t\t\t<div class=\"elementor-element elementor-element-d2d35d3 elementor-widget elementor-widget-image\" data-id=\"d2d35d3\" data-element_type=\"widget\" data-widget_type=\"image.default\">\n\t\t\t\t<div class=\"elementor-widget-container\">\n\t\t\t\t\t\t\t\t\t\t\t\t\t\t\t<img decoding=\"async\" src=\"https:\/\/dev.agenciaupp.com.br\/sites\/hcinovo.com.br\/wp-content\/uploads\/elementor\/thumbs\/caldeiraria-ph82h86vsxezyql1wrf87w2iy4syymbkf9sde53u40.jpg\" title=\"caldeiraria\" alt=\"caldeiraria\" loading=\"lazy\" \/>\t\t\t\t\t\t\t\t\t\t\t\t\t\t\t<\/div>\n\t\t\t\t<\/div>\n\t\t\t\t\t<\/div>\n\t\t<\/div>\n\t\t\t\t\t\t\t<\/div>\n\t\t<\/section>\n\t\t\t\t\t\t\t<\/div>\n\t\t","protected":false},"excerpt":{"rendered":"<p>Caldeiraria Equipados para atender variedade e demanda de produtos com capacidade de at\u00e9 10 toneladas, com expertise na soldagem de diversos tipos de materiais (a\u00e7o carbono, a\u00e7o inox, a\u00e7o liga, baixa liga e itens especiais) e conforme as normas ASME, AWWA, AWS, DIN e API.<\/p>\n","protected":false},"author":1,"featured_media":0,"parent":0,"menu_order":0,"comment_status":"closed","ping_status":"closed","template":"","meta":{"footnotes":""},"class_list":["post-3853","page","type-page","status-publish","hentry"],"_links":{"self":[{"href":"https:\/\/dev.agenciaupp.com.br\/sites\/hcinovo.com.br\/wp-json\/wp\/v2\/pages\/3853","targetHints":{"allow":["GET"]}}],"collection":[{"href":"https:\/\/dev.agenciaupp.com.br\/sites\/hcinovo.com.br\/wp-json\/wp\/v2\/pages"}],"about":[{"href":"https:\/\/dev.agenciaupp.com.br\/sites\/hcinovo.com.br\/wp-json\/wp\/v2\/types\/page"}],"author":[{"embeddable":true,"href":"https:\/\/dev.agenciaupp.com.br\/sites\/hcinovo.com.br\/wp-json\/wp\/v2\/users\/1"}],"replies":[{"embeddable":true,"href":"https:\/\/dev.agenciaupp.com.br\/sites\/hcinovo.com.br\/wp-json\/wp\/v2\/comments?post=3853"}],"version-history":[{"count":22,"href":"https:\/\/dev.agenciaupp.com.br\/sites\/hcinovo.com.br\/wp-json\/wp\/v2\/pages\/3853\/revisions"}],"predecessor-version":[{"id":5438,"href":"https:\/\/dev.agenciaupp.com.br\/sites\/hcinovo.com.br\/wp-json\/wp\/v2\/pages\/3853\/revisions\/5438"}],"wp:attachment":[{"href":"https:\/\/dev.agenciaupp.com.br\/sites\/hcinovo.com.br\/wp-json\/wp\/v2\/media?parent=3853"}],"curies":[{"name":"wp","href":"https:\/\/api.w.org\/{rel}","templated":true}]}}