{"id":8,"date":"2023-03-15T11:40:27","date_gmt":"2023-03-15T14:40:27","guid":{"rendered":"https:\/\/dev.agenciaupp.com.br\/sites\/squadsociallab-campanhas\/?page_id=8"},"modified":"2023-04-25T11:52:55","modified_gmt":"2023-04-25T14:52:55","slug":"home","status":"publish","type":"page","link":"https:\/\/dev.agenciaupp.com.br\/sites\/squadsociallab-campanhas\/","title":{"rendered":"Home"},"content":{"rendered":"\t\t<div data-elementor-type=\"wp-page\" data-elementor-id=\"8\" class=\"elementor elementor-8\">\n\t\t\t\t<div class=\"elementor-element elementor-element-1b09674 e-con-full e-flex e-con e-parent\" data-id=\"1b09674\" data-element_type=\"container\" data-e-type=\"container\">\n\t\t\t\t<div class=\"elementor-element elementor-element-13f9d1b elementor-widget elementor-widget-slider_revolution\" data-id=\"13f9d1b\" data-element_type=\"widget\" data-e-type=\"widget\" data-widget_type=\"slider_revolution.default\">\n\t\t\t\t<div class=\"elementor-widget-container\">\n\t\t\t\t\t\r\n\t\t<div class=\"wp-block-themepunch-revslider\">\n\t\t\t<!-- START Main Banner REVOLUTION SLIDER 6.5.31 --><p class=\"rs-p-wp-fix\"><\/p>\n\t\t\t<rs-module-wrap id=\"rev_slider_1_1_wrapper\" data-source=\"gallery\" style=\"visibility:hidden;background:transparent;padding:0;margin:0px auto;margin-top:0;margin-bottom:0;\">\n\t\t\t\t<rs-module id=\"rev_slider_1_1\" style=\"\" data-version=\"6.5.31\">\n\t\t\t\t\t<rs-slides>\n\t\t\t\t\t\t<rs-slide style=\"position: absolute;\" data-key=\"rs-1\" data-title=\"Slide\" data-in=\"o:0;\" data-out=\"a:false;\">\n\t\t\t\t\t\t\t<img fetchpriority=\"high\" decoding=\"async\" src=\"\/\/dev.agenciaupp.com.br\/sites\/squadsociallab-campanhas\/wp-content\/plugins\/revslider\/public\/assets\/assets\/dummy.png\" alt=\"\" title=\"bannerBackground\" width=\"1920\" height=\"1080\" class=\"rev-slidebg tp-rs-img rs-lazyload\" data-lazyload=\"\/\/dev.agenciaupp.com.br\/sites\/squadsociallab-campanhas\/wp-content\/uploads\/2023\/03\/bannerBackground.png\" data-parallax=\"off\" data-panzoom=\"d:10000;ss:100;se:120%;be:2px;\" data-no-retina>\n<!--\n\t\t\t\t\t\t\t--><rs-layer\n\t\t\t\t\t\t\t\tid=\"slider-1-slide-1-layer-0\" \n\t\t\t\t\t\t\t\tdata-type=\"text\"\n\t\t\t\t\t\t\t\tdata-rsp_ch=\"on\"\n\t\t\t\t\t\t\t\tdata-xy=\"x:l,l,l,c;xo:54px,28px,28px,0;yo:322px,171px,171px,281px;\"\n\t\t\t\t\t\t\t\tdata-text=\"w:normal;s:62,33,33,32;l:62,33,33,25;fw:700;a:left,left,left,center;\"\n\t\t\t\t\t\t\t\tdata-dim=\"w:764px,407px,407px,466px;h:267px,142px,142px,121px;\"\n\t\t\t\t\t\t\t\tdata-frame_0=\"x:0,0,0,0px;y:0,0,0,0px;\"\n\t\t\t\t\t\t\t\tdata-frame_1=\"x:0,0,0,0px;y:0,0,0,0px;\"\n\t\t\t\t\t\t\t\tdata-frame_999=\"o:0;st:w;\"\n\t\t\t\t\t\t\t\tstyle=\"z-index:9;font-family:'Montserrat';\"\n\t\t\t\t\t\t\t>Voc\u00ea est\u00e1 preparado para gerar Ondas de Conte\u00fado atrav\u00e9s das melhores <span style=\"color: #FFBA00\">#publis?<\/span> \n\t\t\t\t\t\t\t<\/rs-layer><!--\n\n\t\t\t\t\t\t\t--><rs-layer\n\t\t\t\t\t\t\t\tid=\"slider-1-slide-1-layer-1\" \n\t\t\t\t\t\t\t\tdata-type=\"text\"\n\t\t\t\t\t\t\t\tdata-rsp_ch=\"on\"\n\t\t\t\t\t\t\t\tdata-xy=\"x:l,l,l,c;xo:54px,28px,28px,0;y:t,t,t,m;yo:588px,313px,313px,75px;\"\n\t\t\t\t\t\t\t\tdata-text=\"w:normal;s:36,19,19,19;l:35,18,18,14;a:left,left,left,center;\"\n\t\t\t\t\t\t\t\tdata-dim=\"w:877px,467px,467px,446px;h:83px,44px,44px,42px;\"\n\t\t\t\t\t\t\t\tdata-frame_0=\"x:0,0,0,0px;y:0,0,0,0px;\"\n\t\t\t\t\t\t\t\tdata-frame_1=\"x:0,0,0,0px;y:0,0,0,0px;\"\n\t\t\t\t\t\t\t\tdata-frame_999=\"o:0;st:w;\"\n\t\t\t\t\t\t\t\tstyle=\"z-index:10;font-family:'Montserrat';\"\n\t\t\t\t\t\t\t>N\u00e3o perca a oportunidade de participar de campanhas para grandes marcas.  \n\t\t\t\t\t\t\t<\/rs-layer><!--\n\n\t\t\t\t\t\t\t--><rs-layer\n\t\t\t\t\t\t\t\tid=\"slider-1-slide-1-layer-2\" \n\t\t\t\t\t\t\t\tclass=\"rev-btn\"\n\t\t\t\t\t\t\t\tdata-type=\"button\"\n\t\t\t\t\t\t\t\tdata-rsp_ch=\"on\"\n\t\t\t\t\t\t\t\tdata-xy=\"x:l,l,l,c;xo:54px,28px,28px,0;yo:720px,384px,384px,483px;\"\n\t\t\t\t\t\t\t\tdata-text=\"w:normal;s:29,15,15,16;l:16,8,8,16;ls:1,0,1,0;fw:700;\"\n\t\t\t\t\t\t\t\tdata-dim=\"minh:0,none,0,none;\"\n\t\t\t\t\t\t\t\tdata-padding=\"t:24,13,13,16;r:48,26,26,32;b:24,13,13,16;l:48,26,26,32;\"\n\t\t\t\t\t\t\t\tdata-border=\"bor:30px,30px,30px,30px;\"\n\t\t\t\t\t\t\t\tdata-frame_999=\"o:0;st:w;\"\n\t\t\t\t\t\t\t\tdata-frame_hover=\"bgc:#0dc900;bor:30px,30px,30px,30px;sp:200;\"\n\t\t\t\t\t\t\t\tstyle=\"z-index:11;background-color:#49ac15;font-family:'Montserrat';text-transform:uppercase;\"\n\t\t\t\t\t\t\t><i class=\"fa-user\"><\/i> Cadastre-se \n\t\t\t\t\t\t\t<\/rs-layer><!--\n\n\t\t\t\t\t\t\t--><rs-layer\n\t\t\t\t\t\t\t\tid=\"slider-1-slide-1-layer-3\" \n\t\t\t\t\t\t\t\tdata-type=\"image\"\n\t\t\t\t\t\t\t\tdata-rsp_ch=\"on\"\n\t\t\t\t\t\t\t\tdata-xy=\"xo:921px,491px,491px,273px;yo:265px,141px,141px,543px;\"\n\t\t\t\t\t\t\t\tdata-text=\"w:normal;s:20,10,10,4;l:0,13,13,6;\"\n\t\t\t\t\t\t\t\tdata-dim=\"w:861px,459px,459px,182px;h:723px,385px,385px,153px;\"\n\t\t\t\t\t\t\t\tdata-vbility=\"t,t,t,f\"\n\t\t\t\t\t\t\t\tdata-frame_999=\"o:0;e:SFXBounceLite;st:w;\"\n\t\t\t\t\t\t\t\tstyle=\"z-index:8;\"\n\t\t\t\t\t\t\t><img decoding=\"async\" src=\"\/\/dev.agenciaupp.com.br\/sites\/squadsociallab-campanhas\/wp-content\/plugins\/revslider\/public\/assets\/assets\/dummy.png\" alt=\"\" class=\"tp-rs-img rs-lazyload\" width=\"1077\" height=\"905\" data-lazyload=\"\/\/dev.agenciaupp.com.br\/sites\/squadsociallab-campanhas\/wp-content\/uploads\/2023\/03\/imagembanner.png\" data-no-retina> \n\t\t\t\t\t\t\t<\/rs-layer><!--\n-->\t\t\t\t\t\t<\/rs-slide>\n\t\t\t\t\t<\/rs-slides>\n\t\t\t\t<\/rs-module>\n\t\t\t\t<script>\n\t\t\t\t\tsetREVStartSize({c: 'rev_slider_1_1',rl:[1240,1024,1024,480],el:[1080,768,768,720],gw:[1920,1024,1024,480],gh:[1080,768,768,720],type:'standard',justify:'',layout:'fullwidth',mh:\"0\"});if (window.RS_MODULES!==undefined && window.RS_MODULES.modules!==undefined && window.RS_MODULES.modules[\"revslider11\"]!==undefined) {window.RS_MODULES.modules[\"revslider11\"].once = false;window.revapi1 = undefined;if (window.RS_MODULES.checkMinimal!==undefined) window.RS_MODULES.checkMinimal()}\n\t\t\t\t<\/script>\n\t\t\t<\/rs-module-wrap>\n\t\t\t<!-- END REVOLUTION SLIDER -->\n<\/div>\r\n\r\n\t\t\t\t\t\t<\/div>\n\t\t\t\t<\/div>\n\t\t\t\t<\/div>\n\t\t<div class=\"elementor-element elementor-element-27aa164 e-flex e-con-boxed e-con e-parent\" data-id=\"27aa164\" data-element_type=\"container\" data-e-type=\"container\">\n\t\t\t\t\t<div class=\"e-con-inner\">\n\t\t<div class=\"elementor-element elementor-element-a5405df e-con-full e-flex e-con e-parent\" data-id=\"a5405df\" data-element_type=\"container\" data-e-type=\"container\">\n\t\t\t\t<div class=\"elementor-element elementor-element-e35c78c elementor-widget elementor-widget-heading\" data-id=\"e35c78c\" data-element_type=\"widget\" data-e-type=\"widget\" data-widget_type=\"heading.default\">\n\t\t\t\t<div class=\"elementor-widget-container\">\n\t\t\t\t\t<h2 class=\"elementor-heading-title elementor-size-default\">Nossas<\/h2>\t\t\t\t<\/div>\n\t\t\t\t<\/div>\n\t\t\t\t<div class=\"elementor-element elementor-element-902e11a elementor-widget elementor-widget-heading\" data-id=\"902e11a\" data-element_type=\"widget\" data-e-type=\"widget\" data-widget_type=\"heading.default\">\n\t\t\t\t<div class=\"elementor-widget-container\">\n\t\t\t\t\t<h2 class=\"elementor-heading-title elementor-size-default\">Campanhas<\/h2>\t\t\t\t<\/div>\n\t\t\t\t<\/div>\n\t\t\t\t<\/div>\n\t\t\t\t\t<\/div>\n\t\t\t\t<\/div>\n\t\t<div class=\"elementor-element elementor-element-d184802 e-flex e-con-boxed e-con e-parent\" data-id=\"d184802\" data-element_type=\"container\" data-e-type=\"container\">\n\t\t\t\t\t<div class=\"e-con-inner\">\n\t\t\t\t<div class=\"elementor-element elementor-element-c4cbc37 elementor-grid-2 elementor-posts--align-center elementor-grid-tablet-2 elementor-grid-mobile-1 elementor-posts--thumbnail-top elementor-card-shadow-yes elementor-posts__hover-gradient elementor-widget elementor-widget-posts\" data-id=\"c4cbc37\" data-element_type=\"widget\" data-e-type=\"widget\" data-settings=\"{&quot;cards_columns&quot;:&quot;2&quot;,&quot;cards_masonry&quot;:&quot;yes&quot;,&quot;cards_columns_tablet&quot;:&quot;2&quot;,&quot;cards_columns_mobile&quot;:&quot;1&quot;,&quot;cards_row_gap&quot;:{&quot;unit&quot;:&quot;px&quot;,&quot;size&quot;:35,&quot;sizes&quot;:[]},&quot;cards_row_gap_tablet&quot;:{&quot;unit&quot;:&quot;px&quot;,&quot;size&quot;:&quot;&quot;,&quot;sizes&quot;:[]},&quot;cards_row_gap_mobile&quot;:{&quot;unit&quot;:&quot;px&quot;,&quot;size&quot;:&quot;&quot;,&quot;sizes&quot;:[]}}\" data-widget_type=\"posts.cards\">\n\t\t\t\t<div class=\"elementor-widget-container\">\n\t\t\t\t\t\t\t<div class=\"elementor-posts-container elementor-posts elementor-posts--skin-cards elementor-grid\">\n\t\t\t\t<article class=\"elementor-post elementor-grid-item post-330 post type-post status-publish format-standard has-post-thumbnail hentry category-campanhas\">\n\t\t\t<div class=\"elementor-post__card\">\n\t\t\t\t<a class=\"elementor-post__thumbnail__link\" href=\"https:\/\/dev.agenciaupp.com.br\/sites\/squadsociallab-campanhas\/campanha-isdin-ureadin\/\" target=\"_blank\"><div class=\"elementor-post__thumbnail\"><img decoding=\"async\" width=\"300\" height=\"155\" src=\"https:\/\/dev.agenciaupp.com.br\/sites\/squadsociallab-campanhas\/wp-content\/uploads\/2023\/03\/Imagem-10-300x155.png\" class=\"attachment-medium size-medium wp-image-32\" alt=\"\" srcset=\"https:\/\/dev.agenciaupp.com.br\/sites\/squadsociallab-campanhas\/wp-content\/uploads\/2023\/03\/Imagem-10-300x155.png 300w, https:\/\/dev.agenciaupp.com.br\/sites\/squadsociallab-campanhas\/wp-content\/uploads\/2023\/03\/Imagem-10-768x397.png 768w, https:\/\/dev.agenciaupp.com.br\/sites\/squadsociallab-campanhas\/wp-content\/uploads\/2023\/03\/Imagem-10.png 801w\" sizes=\"(max-width: 300px) 100vw, 300px\" \/><\/div><\/a>\n\t\t\t\t<div class=\"elementor-post__text\">\n\t\t\t\t<h3 class=\"elementor-post__title\">\n\t\t\t<a href=\"https:\/\/dev.agenciaupp.com.br\/sites\/squadsociallab-campanhas\/campanha-isdin-ureadin\/\" target=&quot;_blank&quot;>\n\t\t\t\tCampanha Isdin (Ureadin)\t\t\t<\/a>\n\t\t<\/h3>\n\t\t\t\t\t<a class=\"elementor-post__read-more\" href=\"https:\/\/dev.agenciaupp.com.br\/sites\/squadsociallab-campanhas\/campanha-isdin-ureadin\/\" target=\"_blank\">\n\t\t\t\tINSCREVA-SE\t\t\t<\/a>\n\t\t\t\t<\/div>\n\t\t\t\t\t<\/div>\n\t\t<\/article>\n\t\t\t\t<article class=\"elementor-post elementor-grid-item post-198 post type-post status-publish format-standard has-post-thumbnail hentry category-campanhas\">\n\t\t\t<div class=\"elementor-post__card\">\n\t\t\t\t<a class=\"elementor-post__thumbnail__link\" href=\"https:\/\/dev.agenciaupp.com.br\/sites\/squadsociallab-campanhas\/campanha-wella\/\" target=\"_blank\"><div class=\"elementor-post__thumbnail\"><img decoding=\"async\" width=\"300\" height=\"155\" src=\"https:\/\/dev.agenciaupp.com.br\/sites\/squadsociallab-campanhas\/wp-content\/uploads\/2023\/03\/Imagem-10-300x155.png\" class=\"attachment-medium size-medium wp-image-32\" alt=\"\" srcset=\"https:\/\/dev.agenciaupp.com.br\/sites\/squadsociallab-campanhas\/wp-content\/uploads\/2023\/03\/Imagem-10-300x155.png 300w, https:\/\/dev.agenciaupp.com.br\/sites\/squadsociallab-campanhas\/wp-content\/uploads\/2023\/03\/Imagem-10-768x397.png 768w, https:\/\/dev.agenciaupp.com.br\/sites\/squadsociallab-campanhas\/wp-content\/uploads\/2023\/03\/Imagem-10.png 801w\" sizes=\"(max-width: 300px) 100vw, 300px\" \/><\/div><\/a>\n\t\t\t\t<div class=\"elementor-post__text\">\n\t\t\t\t<h3 class=\"elementor-post__title\">\n\t\t\t<a href=\"https:\/\/dev.agenciaupp.com.br\/sites\/squadsociallab-campanhas\/campanha-wella\/\" target=&quot;_blank&quot;>\n\t\t\t\tCampanha Wella\t\t\t<\/a>\n\t\t<\/h3>\n\t\t\t\t\t<a class=\"elementor-post__read-more\" href=\"https:\/\/dev.agenciaupp.com.br\/sites\/squadsociallab-campanhas\/campanha-wella\/\" target=\"_blank\">\n\t\t\t\tINSCREVA-SE\t\t\t<\/a>\n\t\t\t\t<\/div>\n\t\t\t\t\t<\/div>\n\t\t<\/article>\n\t\t\t\t<article class=\"elementor-post elementor-grid-item post-196 post type-post status-publish format-standard has-post-thumbnail hentry category-campanhas\">\n\t\t\t<div class=\"elementor-post__card\">\n\t\t\t\t<a class=\"elementor-post__thumbnail__link\" href=\"https:\/\/dev.agenciaupp.com.br\/sites\/squadsociallab-campanhas\/campanha-artromobil\/\" target=\"_blank\"><div class=\"elementor-post__thumbnail\"><img loading=\"lazy\" decoding=\"async\" width=\"300\" height=\"155\" src=\"https:\/\/dev.agenciaupp.com.br\/sites\/squadsociallab-campanhas\/wp-content\/uploads\/2023\/03\/Imagem-11-300x155.png\" class=\"attachment-medium size-medium wp-image-33\" alt=\"\" srcset=\"https:\/\/dev.agenciaupp.com.br\/sites\/squadsociallab-campanhas\/wp-content\/uploads\/2023\/03\/Imagem-11-300x155.png 300w, https:\/\/dev.agenciaupp.com.br\/sites\/squadsociallab-campanhas\/wp-content\/uploads\/2023\/03\/Imagem-11-768x397.png 768w, https:\/\/dev.agenciaupp.com.br\/sites\/squadsociallab-campanhas\/wp-content\/uploads\/2023\/03\/Imagem-11.png 799w\" sizes=\"(max-width: 300px) 100vw, 300px\" \/><\/div><\/a>\n\t\t\t\t<div class=\"elementor-post__text\">\n\t\t\t\t<h3 class=\"elementor-post__title\">\n\t\t\t<a href=\"https:\/\/dev.agenciaupp.com.br\/sites\/squadsociallab-campanhas\/campanha-artromobil\/\" target=&quot;_blank&quot;>\n\t\t\t\tCampanha Artromobil\t\t\t<\/a>\n\t\t<\/h3>\n\t\t\t\t\t<a class=\"elementor-post__read-more\" href=\"https:\/\/dev.agenciaupp.com.br\/sites\/squadsociallab-campanhas\/campanha-artromobil\/\" target=\"_blank\">\n\t\t\t\tINSCREVA-SE\t\t\t<\/a>\n\t\t\t\t<\/div>\n\t\t\t\t\t<\/div>\n\t\t<\/article>\n\t\t\t\t<article class=\"elementor-post elementor-grid-item post-186 post type-post status-publish format-standard has-post-thumbnail hentry category-campanhas\">\n\t\t\t<div class=\"elementor-post__card\">\n\t\t\t\t<a class=\"elementor-post__thumbnail__link\" href=\"https:\/\/dev.agenciaupp.com.br\/sites\/squadsociallab-campanhas\/campanha-batavo\/\" target=\"_blank\"><div class=\"elementor-post__thumbnail\"><img loading=\"lazy\" decoding=\"async\" width=\"300\" height=\"155\" src=\"https:\/\/dev.agenciaupp.com.br\/sites\/squadsociallab-campanhas\/wp-content\/uploads\/2023\/03\/Imagem-9-300x155.png\" class=\"attachment-medium size-medium wp-image-31\" alt=\"\" srcset=\"https:\/\/dev.agenciaupp.com.br\/sites\/squadsociallab-campanhas\/wp-content\/uploads\/2023\/03\/Imagem-9-300x155.png 300w, https:\/\/dev.agenciaupp.com.br\/sites\/squadsociallab-campanhas\/wp-content\/uploads\/2023\/03\/Imagem-9-768x397.png 768w, https:\/\/dev.agenciaupp.com.br\/sites\/squadsociallab-campanhas\/wp-content\/uploads\/2023\/03\/Imagem-9.png 799w\" sizes=\"(max-width: 300px) 100vw, 300px\" \/><\/div><\/a>\n\t\t\t\t<div class=\"elementor-post__text\">\n\t\t\t\t<h3 class=\"elementor-post__title\">\n\t\t\t<a href=\"https:\/\/dev.agenciaupp.com.br\/sites\/squadsociallab-campanhas\/campanha-batavo\/\" target=&quot;_blank&quot;>\n\t\t\t\tCampanha Batavo\t\t\t<\/a>\n\t\t<\/h3>\n\t\t\t\t\t<a class=\"elementor-post__read-more\" href=\"https:\/\/dev.agenciaupp.com.br\/sites\/squadsociallab-campanhas\/campanha-batavo\/\" target=\"_blank\">\n\t\t\t\tINSCREVA-SE\t\t\t<\/a>\n\t\t\t\t<\/div>\n\t\t\t\t\t<\/div>\n\t\t<\/article>\n\t\t\t\t<article class=\"elementor-post elementor-grid-item post-143 post type-post status-publish format-standard has-post-thumbnail hentry category-campanhas\">\n\t\t\t<div class=\"elementor-post__card\">\n\t\t\t\t<a class=\"elementor-post__thumbnail__link\" href=\"https:\/\/dev.agenciaupp.com.br\/sites\/squadsociallab-campanhas\/campanha-itambe\/\" target=\"_blank\"><div class=\"elementor-post__thumbnail\"><img loading=\"lazy\" decoding=\"async\" width=\"300\" height=\"156\" src=\"https:\/\/dev.agenciaupp.com.br\/sites\/squadsociallab-campanhas\/wp-content\/uploads\/2023\/03\/Imagem-8-300x156.png\" class=\"attachment-medium size-medium wp-image-30\" alt=\"\" srcset=\"https:\/\/dev.agenciaupp.com.br\/sites\/squadsociallab-campanhas\/wp-content\/uploads\/2023\/03\/Imagem-8-300x156.png 300w, https:\/\/dev.agenciaupp.com.br\/sites\/squadsociallab-campanhas\/wp-content\/uploads\/2023\/03\/Imagem-8-768x400.png 768w, https:\/\/dev.agenciaupp.com.br\/sites\/squadsociallab-campanhas\/wp-content\/uploads\/2023\/03\/Imagem-8.png 799w\" sizes=\"(max-width: 300px) 100vw, 300px\" \/><\/div><\/a>\n\t\t\t\t<div class=\"elementor-post__text\">\n\t\t\t\t<h3 class=\"elementor-post__title\">\n\t\t\t<a href=\"https:\/\/dev.agenciaupp.com.br\/sites\/squadsociallab-campanhas\/campanha-itambe\/\" target=&quot;_blank&quot;>\n\t\t\t\tCampanha Itamb\u00e9\t\t\t<\/a>\n\t\t<\/h3>\n\t\t\t\t\t<a class=\"elementor-post__read-more\" href=\"https:\/\/dev.agenciaupp.com.br\/sites\/squadsociallab-campanhas\/campanha-itambe\/\" target=\"_blank\">\n\t\t\t\tINSCREVA-SE\t\t\t<\/a>\n\t\t\t\t<\/div>\n\t\t\t\t\t<\/div>\n\t\t<\/article>\n\t\t\t\t<\/div>\n\n\n\t\t\n\t\t\t\t\t\t<\/div>\n\t\t\t\t<\/div>\n\t\t\t\t\t<\/div>\n\t\t\t\t<\/div>\n\t\t<div class=\"elementor-element elementor-element-3fdcb04 e-flex e-con-boxed e-con e-parent\" data-id=\"3fdcb04\" data-element_type=\"container\" data-e-type=\"container\" data-settings=\"{&quot;background_background&quot;:&quot;gradient&quot;}\">\n\t\t\t\t\t<div class=\"e-con-inner\">\n\t\t\t\t<div class=\"elementor-element elementor-element-0384e9a elementor-widget elementor-widget-heading\" data-id=\"0384e9a\" data-element_type=\"widget\" data-e-type=\"widget\" data-widget_type=\"heading.default\">\n\t\t\t\t<div class=\"elementor-widget-container\">\n\t\t\t\t\t<h2 class=\"elementor-heading-title elementor-size-default\">Acompanhe as <span style=\"color: #E062BE;text-transform: capitalize;font-weight:500;font-family: gloss-and-bloom, Sans-serif\">Novidades<\/span><\/h2>\t\t\t\t<\/div>\n\t\t\t\t<\/div>\n\t\t\t\t<div class=\"elementor-element elementor-element-b616ade elementor-widget elementor-widget-text-editor\" data-id=\"b616ade\" data-element_type=\"widget\" data-e-type=\"widget\" data-widget_type=\"text-editor.default\">\n\t\t\t\t<div class=\"elementor-widget-container\">\n\t\t\t\t\t\t\t\t\t<p>Garanta seu acesso aos conte\u00fados exclusivos, al\u00e9m de ficar por dentro das novidades antes de todo mundo!<\/p>\t\t\t\t\t\t\t\t<\/div>\n\t\t\t\t<\/div>\n\t\t\t\t<div class=\"elementor-element elementor-element-b454832 elementor-align-center elementor-mobile-align-center elementor-widget elementor-widget-button\" data-id=\"b454832\" data-element_type=\"widget\" data-e-type=\"widget\" data-settings=\"{&quot;_animation_mobile&quot;:&quot;bounceIn&quot;}\" data-widget_type=\"button.default\">\n\t\t\t\t<div class=\"elementor-widget-container\">\n\t\t\t\t\t\t\t\t\t<div class=\"elementor-button-wrapper\">\n\t\t\t\t\t<a class=\"elementor-button elementor-button-link elementor-size-sm elementor-animation-bounce-in\" href=\"#\">\n\t\t\t\t\t\t<span class=\"elementor-button-content-wrapper\">\n\t\t\t\t\t\t<span class=\"elementor-button-icon\">\n\t\t\t\t<i aria-hidden=\"true\" class=\"fab fa-whatsapp\"><\/i>\t\t\t<\/span>\n\t\t\t\t\t\t\t\t\t<span class=\"elementor-button-text\">EU QUERO PARTICIPAR DO GRUPO DE WHATSAPP<\/span>\n\t\t\t\t\t<\/span>\n\t\t\t\t\t<\/a>\n\t\t\t\t<\/div>\n\t\t\t\t\t\t\t\t<\/div>\n\t\t\t\t<\/div>\n\t\t\t\t\t<\/div>\n\t\t\t\t<\/div>\n\t\t<div class=\"elementor-element elementor-element-cd28abc e-flex e-con-boxed e-con e-parent\" data-id=\"cd28abc\" data-element_type=\"container\" data-e-type=\"container\">\n\t\t\t\t\t<div class=\"e-con-inner\">\n\t\t<div class=\"elementor-element elementor-element-d9e0c35 e-con-full e-flex e-con e-parent\" data-id=\"d9e0c35\" data-element_type=\"container\" data-e-type=\"container\">\n\t\t\t\t<div class=\"elementor-element elementor-element-f2e85dc elementor-widget elementor-widget-heading\" data-id=\"f2e85dc\" data-element_type=\"widget\" data-e-type=\"widget\" data-widget_type=\"heading.default\">\n\t\t\t\t<div class=\"elementor-widget-container\">\n\t\t\t\t\t<h2 class=\"elementor-heading-title elementor-size-default\">Com quem j\u00e1<\/h2>\t\t\t\t<\/div>\n\t\t\t\t<\/div>\n\t\t\t\t<div class=\"elementor-element elementor-element-162a427 elementor-widget elementor-widget-heading\" data-id=\"162a427\" data-element_type=\"widget\" data-e-type=\"widget\" data-widget_type=\"heading.default\">\n\t\t\t\t<div class=\"elementor-widget-container\">\n\t\t\t\t\t<h2 class=\"elementor-heading-title elementor-size-default\">Co-criamos<\/h2>\t\t\t\t<\/div>\n\t\t\t\t<\/div>\n\t\t\t\t<div class=\"elementor-element elementor-element-46d05d7 elementor-arrows-position-inside elementor-pagination-position-outside elementor-widget elementor-widget-image-carousel\" data-id=\"46d05d7\" data-element_type=\"widget\" data-e-type=\"widget\" data-settings=\"{&quot;navigation&quot;:&quot;both&quot;,&quot;autoplay&quot;:&quot;yes&quot;,&quot;pause_on_hover&quot;:&quot;yes&quot;,&quot;pause_on_interaction&quot;:&quot;yes&quot;,&quot;autoplay_speed&quot;:5000,&quot;infinite&quot;:&quot;yes&quot;,&quot;speed&quot;:500}\" data-widget_type=\"image-carousel.default\">\n\t\t\t\t<div class=\"elementor-widget-container\">\n\t\t\t\t\t\t\t<div class=\"elementor-image-carousel-wrapper swiper\" role=\"region\" aria-roledescription=\"carousel\" aria-label=\"Carrossel de imagens\" dir=\"ltr\">\n\t\t\t<div class=\"elementor-image-carousel swiper-wrapper\" aria-live=\"off\">\n\t\t\t\t\t\t\t\t<div class=\"swiper-slide\" role=\"group\" aria-roledescription=\"slide\" aria-label=\"1 de 1\"><figure class=\"swiper-slide-inner\"><img decoding=\"async\" class=\"swiper-slide-image\" src=\"https:\/\/dev.agenciaupp.com.br\/sites\/squadsociallab-campanhas\/wp-content\/uploads\/2023\/03\/logoFooter.png\" alt=\"logoFooter\" \/><\/figure><\/div>\t\t\t<\/div>\n\t\t\t\t\t<\/div>\n\t\t\t\t\t\t<\/div>\n\t\t\t\t<\/div>\n\t\t\t\t<div class=\"elementor-element elementor-element-db14e02 elementor-align-center elementor-widget elementor-widget-button\" data-id=\"db14e02\" data-element_type=\"widget\" data-e-type=\"widget\" data-widget_type=\"button.default\">\n\t\t\t\t<div class=\"elementor-widget-container\">\n\t\t\t\t\t\t\t\t\t<div class=\"elementor-button-wrapper\">\n\t\t\t\t\t<a class=\"elementor-button elementor-button-link elementor-size-sm elementor-animation-bounce-in\" href=\"#\">\n\t\t\t\t\t\t<span class=\"elementor-button-content-wrapper\">\n\t\t\t\t\t\t\t\t\t<span class=\"elementor-button-text\">Vem pra Squad<\/span>\n\t\t\t\t\t<\/span>\n\t\t\t\t\t<\/a>\n\t\t\t\t<\/div>\n\t\t\t\t\t\t\t\t<\/div>\n\t\t\t\t<\/div>\n\t\t\t\t<\/div>\n\t\t\t\t\t<\/div>\n\t\t\t\t<\/div>\n\t\t\t\t<\/div>\n\t\t","protected":false},"excerpt":{"rendered":"<p>Nossas Campanhas Acompanhe as Novidades Garanta seu acesso aos conte\u00fados exclusivos, al\u00e9m de ficar por dentro das novidades antes de todo mundo! EU QUERO PARTICIPAR<\/p>\n","protected":false},"author":1,"featured_media":0,"parent":0,"menu_order":0,"comment_status":"closed","ping_status":"closed","template":"elementor_canvas","meta":{"footnotes":""},"class_list":["post-8","page","type-page","status-publish","hentry"],"_links":{"self":[{"href":"https:\/\/dev.agenciaupp.com.br\/sites\/squadsociallab-campanhas\/wp-json\/wp\/v2\/pages\/8","targetHints":{"allow":["GET"]}}],"collection":[{"href":"https:\/\/dev.agenciaupp.com.br\/sites\/squadsociallab-campanhas\/wp-json\/wp\/v2\/pages"}],"about":[{"href":"https:\/\/dev.agenciaupp.com.br\/sites\/squadsociallab-campanhas\/wp-json\/wp\/v2\/types\/page"}],"author":[{"embeddable":true,"href":"https:\/\/dev.agenciaupp.com.br\/sites\/squadsociallab-campanhas\/wp-json\/wp\/v2\/users\/1"}],"replies":[{"embeddable":true,"href":"https:\/\/dev.agenciaupp.com.br\/sites\/squadsociallab-campanhas\/wp-json\/wp\/v2\/comments?post=8"}],"version-history":[{"count":104,"href":"https:\/\/dev.agenciaupp.com.br\/sites\/squadsociallab-campanhas\/wp-json\/wp\/v2\/pages\/8\/revisions"}],"predecessor-version":[{"id":314,"href":"https:\/\/dev.agenciaupp.com.br\/sites\/squadsociallab-campanhas\/wp-json\/wp\/v2\/pages\/8\/revisions\/314"}],"wp:attachment":[{"href":"https:\/\/dev.agenciaupp.com.br\/sites\/squadsociallab-campanhas\/wp-json\/wp\/v2\/media?parent=8"}],"curies":[{"name":"wp","href":"https:\/\/api.w.org\/{rel}","templated":true}]}}